{"id":14,"date":"2013-09-19T21:31:05","date_gmt":"2013-09-19T19:31:05","guid":{"rendered":"http:\/\/samopomoc.srv9.3net.pl\/?page_id=14"},"modified":"2021-02-19T11:25:15","modified_gmt":"2021-02-19T10:25:15","slug":"o-nas","status":"publish","type":"page","link":"https:\/\/www.samopomocchlopska.pl\/?page_id=14","title":{"rendered":"O nas"},"content":{"rendered":"<p>Zwi\u0105zek Rewizyjny Sp\u00f3\u0142dzielni \u201eSamopomoc Ch\u0142opska\u201d w Gda\u0144sku jest dobrowoln\u0105, samorz\u0105dn\u0105 i maj\u0105c\u0105 osobowo\u015b\u0107 prawn\u0105 organizacj\u0105 sp\u00f3\u0142dzielcz\u0105 \u2013 utworzon\u0105 w roku 1991 przez sp\u00f3\u0142dzielnie by\u0142ego wojew\u00f3dztwa gda\u0144skiego. <b><\/b><\/p>\n<p>Zgodnie z prawem sp\u00f3\u0142dzielczym i statutem Zwi\u0105zku dzia\u0142alno\u015b\u0107 na rzecz sp\u00f3\u0142dzielni obejmuje:<\/p>\n<ul>\n<li>przeprowadzanie lustracji ustawowych i odcinkowych,<\/li>\n<li>badanie sprawozda\u0144 finansowych,<\/li>\n<li>organizowanie dzia\u0142alno\u015bci instrukta\u017cowej i szkoleniowej s\u0142u\u017cb finansowo \u2013 ksi\u0119gowych i bran\u017cowych,<\/li>\n<li>reprezentowanie interes\u00f3w sp\u00f3\u0142dzielni wobec organ\u00f3w administracji pa\u0144stwowej i samorz\u0105dowej,<\/li>\n<li>rozwijanie wsp\u00f3\u0142pracy mi\u0119dzy sp\u00f3\u0142dzielniami oraz wymiana do\u015bwiadcze\u0144 z innymi organizacjami sp\u00f3\u0142dzielczymi w kraju i pa\u0144stwach UE.<\/li>\n<\/ul>\n<p>W roku 2010 Zwi\u0105zek zainicjowa\u0142 powstanie Pomorskiej Grupy Sp\u00f3\u0142dzielczej, jako platformy do wymiany do\u015bwiadcze\u0144 i rozwi\u0105zywania problem\u00f3w prawnych, organizacyjnych i ekonomicznych \u2013 zwi\u0105zanych z prowadzeniem dzia\u0142alno\u015bci gospodarczej.<\/p>\n<p>Zwi\u0105zek dzia\u0142a na podstawie ustawy z dnia 16 wrze\u015bnia 1982r. Prawo Sp\u00f3\u0142dzielcze wraz z p\u00f3\u017aniejszymi zmianami.<\/p>\n<p>ZRS \u201eSCh\u201d w Gda\u0144sku reprezentuje Zarz\u0105d w sk\u0142adzie :<\/p>\n<ul>\n<li>Mieczys\u0142aw Wo\u017aniak &#8211; prezes zarz\u0105du<\/li>\n<li>Andrzej Czaja &#8211; cz\u0142onek zarz\u0105du<\/li>\n<li>Zbigniew Ko\u0142odziejczyk &#8211; cz\u0142onek zarz\u0105du<\/li>\n<\/ul>\n<p>wpisany w Krajowym Rejestrze S\u0105dowym pod numerem 0000195200.<\/p>\n","protected":false},"excerpt":{"rendered":"<p>Zwi\u0105zek Rewizyjny Sp\u00f3\u0142dzielni \u201eSamopomoc Ch\u0142opska\u201d w Gda\u0144sku jest dobrowoln\u0105, samorz\u0105dn\u0105 i maj\u0105c\u0105 osobowo\u015b\u0107 prawn\u0105 organizacj\u0105 sp\u00f3\u0142dzielcz\u0105 \u2013 utworzon\u0105 w roku 1991 przez sp\u00f3\u0142dzielnie by\u0142ego wojew\u00f3dztwa gda\u0144skiego. Zgodnie z prawem sp\u00f3\u0142dzielczym i statutem Zwi\u0105zku dzia\u0142alno\u015b\u0107 na rzecz sp\u00f3\u0142dzielni obejmuje: przeprowadzanie lustracji ustawowych i odcinkowych, badanie sprawozda\u0144 finansowych, organizowanie dzia\u0142alno\u015bci instrukta\u017cowej i szkoleniowej s\u0142u\u017cb finansowo \u2013 ksi\u0119gowych&#8230;&nbsp;(<a href=\"https:\/\/www.samopomocchlopska.pl\/?page_id=14\">czytaj dalej<\/a>)<\/p>\n","protected":false},"author":1,"featured_media":0,"parent":0,"menu_order":0,"comment_status":"open","ping_status":"open","template":"","meta":[],"_links":{"self":[{"href":"https:\/\/www.samopomocchlopska.pl\/index.php?rest_route=\/wp\/v2\/pages\/14"}],"collection":[{"href":"https:\/\/www.samopomocchlopska.pl\/index.php?rest_route=\/wp\/v2\/pages"}],"about":[{"href":"https:\/\/www.samopomocchlopska.pl\/index.php?rest_route=\/wp\/v2\/types\/page"}],"author":[{"embeddable":true,"href":"https:\/\/www.samopomocchlopska.pl\/index.php?rest_route=\/wp\/v2\/users\/1"}],"replies":[{"embeddable":true,"href":"https:\/\/www.samopomocchlopska.pl\/index.php?rest_route=%2Fwp%2Fv2%2Fcomments&post=14"}],"version-history":[{"count":6,"href":"https:\/\/www.samopomocchlopska.pl\/index.php?rest_route=\/wp\/v2\/pages\/14\/revisions"}],"predecessor-version":[{"id":189,"href":"https:\/\/www.samopomocchlopska.pl\/index.php?rest_route=\/wp\/v2\/pages\/14\/revisions\/189"}],"wp:attachment":[{"href":"https:\/\/www.samopomocchlopska.pl\/index.php?rest_route=%2Fwp%2Fv2%2Fmedia&parent=14"}],"curies":[{"name":"wp","href":"https:\/\/api.w.org\/{rel}","templated":true}]}}