{"id":2,"date":"2013-09-18T13:57:02","date_gmt":"2013-09-18T13:57:02","guid":{"rendered":"http:\/\/samopomoc.srv9.3net.pl\/?page_id=2"},"modified":"2025-02-27T12:12:18","modified_gmt":"2025-02-27T11:12:18","slug":"pomorska-grupa-spoldzielcza","status":"publish","type":"page","link":"https:\/\/www.samopomocchlopska.pl\/?page_id=2","title":{"rendered":"Pomorska Grupa Sp\u00f3\u0142dzielcza"},"content":{"rendered":"<p style=\"text-align: left;\"><a href=\"http:\/\/www.samopomocchlopska.pl\/wp-content\/uploads\/pgs_logo.png\"><img decoding=\"async\" loading=\"lazy\" class=\"alignnone size-full wp-image-43\" src=\"http:\/\/www.samopomocchlopska.pl\/wp-content\/uploads\/pgs_logo.png\" alt=\"pgs_logo\" width=\"250\" height=\"157\" srcset=\"https:\/\/www.samopomocchlopska.pl\/wp-content\/uploads\/pgs_logo.png 250w, https:\/\/www.samopomocchlopska.pl\/wp-content\/uploads\/pgs_logo-150x94.png 150w\" sizes=\"(max-width: 250px) 100vw, 250px\" \/><\/a><\/p>\n<p style=\"text-align: left;\"><strong>Historia<\/strong><\/p>\n<p style=\"text-align: justify;\">Integracja piekar\u0144 sp\u00f3\u0142dzielczych wyst\u0119powa\u0142a od pocz\u0105tku istnienia Zwi\u0105zku Rewizyjnego . Mia\u0142a ona form\u0119 lu\u017anych spotka\u0144, gdzie wymieniano si\u0119 do\u015bwiadczeniami, przekazywano rady dobrych rozwi\u0105za\u0144, konstruowano propozycje wp\u0142ywania na polityk\u0119 w\u0142adz regionalnych i lokalnych oraz wsp\u00f3\u0142pracowano w dziedzinie zakup\u00f3w. Wychodz\u0105c naprzeciw oczekiwaniom piekar\u0144 sp\u00f3\u0142dzielczych 27-04-2010 Zwi\u0105zek Rewizyjny w porozumieniu z Prezesami sp\u00f3\u0142dzielni z Kalisk, Kartuz, Karsina, Kolbud, Krokowej, Sierakowic, Sk\u00f3rcza, Skarszew, Starogardu Gda\u0144skiego, Wejherowa i \u017bukowa powo\u0142a\u0142 Pomorsk\u0105 Grup\u0119 Sp\u00f3\u0142dzielcz\u0105 jako platform\u0119 do wymiany do\u015bwiadcze\u0144 i rozwi\u0105zywaniu problem\u00f3w prawnych, organizacyjnych i ekonomicznych zwi\u0105zanych z prowadzeniem dzia\u0142alno\u015bci gospodarczej. Jako grupa piekarnie sp\u00f3\u0142dzielcze zwi\u0119kszy\u0142y swoj\u0105 si\u0142\u0119 negocjacyjn\u0105 nie tylko wobec dostawc\u00f3w surowc\u00f3w podstawowych do produkcji . Od roku 2010 grupa co roku negocjuje ceny energii elektrycznej, flotowy zakup samochod\u00f3w oraz ceny us\u0142ug zwi\u0105zanych z dzia\u0142alno\u015bci\u0105 sp\u00f3\u0142dzielni.<\/p>\n<p style=\"text-align: left;\"><strong>Cele<\/strong><\/p>\n<ol style=\"text-align: justify;\">\n<li>Wzajemn\u0105 pomoc w rozwi\u0105zywaniu problem\u00f3w prawnych, organizacyjnych i ekonomicznych, \u2013 zwi\u0105zanych z prowadzeniem dzia\u0142alno\u015bci gospodarczej<\/li>\n<li>Reprezentowanie i ochrona interes\u00f3w gospodarczych cz\u0142onk\u00f3w Pomorskiej Grupy Sp\u00f3\u0142dzielczej .<\/li>\n<li>Rozwijanie i utrwalanie dobrej marki Pomorskiej Grupy Sp\u00f3\u0142dzielczej,budowanie presti\u017cu \u015brodowiska, promocja firm reprezentowanych przez cz\u0142onk\u00f3w PGS oraz propagowanie osi\u0105gni\u0119\u0107 grupy.<\/li>\n<li>Podejmowanie dzia\u0142a\u0144 lobbingowych w celu wykreowania PGS jako atrakcyjnego partnera.<\/li>\n<li>Realizacj\u0119 inicjatyw w tworzeniu sieci wsp\u00f3\u0142pracy na rzecz tworzenia regionalnych produkt\u00f3w.<\/li>\n<li>Podejmowanie dzia\u0142a\u0144 promuj\u0105cych regionalne produkty.<\/li>\n<li>Czynny udzia\u0142 w inicjatywach cz\u0142onk\u00f3w PGS i podmiot\u00f3w wsp\u00f3\u0142pracuj\u0105cych w zakresie dzia\u0142a\u0144 poprawiaj\u0105cych wizerunek bran\u017cy.<\/li>\n<li>Organizowanie i prowadzenie szkole\u0144 , konferencji bran\u017cowych spotka\u0144, wystaw i wyk\u0142ad\u00f3w o raz imprez okoliczno\u015bciowych zmierzaj\u0105cych do podniesienia jako\u015bci i poszerzenia oferty us\u0142ug \u015bwiadczonych przez cz\u0142onk\u00f3w PGS.<\/li>\n<li>Wsp\u00f3\u0142dzia\u0142anie z organami w\u0142adzy pa\u0144stwowej i samorz\u0105dowej wszystkich szczebli w zakresie tworzenia korzystnych warunk\u00f3w dzia\u0142alno\u015bci gospodarczej stowarzyszonych podmiot\u00f3w.<\/li>\n<li>Zbieranie i prowadzenie wymiany informacji niezb\u0119dnej cz\u0142onkom Grupy w zakresie ich dzia\u0142alno\u015bci gospodarczej.<\/li>\n<li>Wsp\u00f3\u0142prac\u0119 z wy\u017cszymi uczelniami, instytutami naukowo-badawczymi ze szczeg\u00f3lnym uwzgl\u0119dnieniem rozwoju bran\u017cy spo\u017cywczej regionu pomorskiego.<\/li>\n<li>Reprezentowanie cz\u0142onk\u00f3w PGS w zakresie obrony ich interes\u00f3w wobec organ\u00f3w administracji rz\u0105dowej i samorz\u0105dowej.<\/li>\n<\/ol>\n<p><strong>Kontakt<\/strong><\/p>\n<p>JUSTYNA WYDROWSKA, tel. 697 910 002<br \/>\nANDRZEJ WOJNOWSKI, tel. 665\u00a0663\u00a0343<\/p>\n","protected":false},"excerpt":{"rendered":"<p>Historia Integracja piekar\u0144 sp\u00f3\u0142dzielczych wyst\u0119powa\u0142a od pocz\u0105tku istnienia Zwi\u0105zku Rewizyjnego . Mia\u0142a ona form\u0119 lu\u017anych spotka\u0144, gdzie wymieniano si\u0119 do\u015bwiadczeniami, przekazywano rady dobrych rozwi\u0105za\u0144, konstruowano propozycje wp\u0142ywania na polityk\u0119 w\u0142adz regionalnych i lokalnych oraz wsp\u00f3\u0142pracowano w dziedzinie zakup\u00f3w. Wychodz\u0105c naprzeciw oczekiwaniom piekar\u0144 sp\u00f3\u0142dzielczych 27-04-2010 Zwi\u0105zek Rewizyjny w porozumieniu z Prezesami sp\u00f3\u0142dzielni z Kalisk, Kartuz, Karsina,&#8230;&nbsp;(<a href=\"https:\/\/www.samopomocchlopska.pl\/?page_id=2\">czytaj dalej<\/a>)<\/p>\n","protected":false},"author":1,"featured_media":0,"parent":0,"menu_order":0,"comment_status":"open","ping_status":"open","template":"","meta":[],"_links":{"self":[{"href":"https:\/\/www.samopomocchlopska.pl\/index.php?rest_route=\/wp\/v2\/pages\/2"}],"collection":[{"href":"https:\/\/www.samopomocchlopska.pl\/index.php?rest_route=\/wp\/v2\/pages"}],"about":[{"href":"https:\/\/www.samopomocchlopska.pl\/index.php?rest_route=\/wp\/v2\/types\/page"}],"author":[{"embeddable":true,"href":"https:\/\/www.samopomocchlopska.pl\/index.php?rest_route=\/wp\/v2\/users\/1"}],"replies":[{"embeddable":true,"href":"https:\/\/www.samopomocchlopska.pl\/index.php?rest_route=%2Fwp%2Fv2%2Fcomments&post=2"}],"version-history":[{"count":17,"href":"https:\/\/www.samopomocchlopska.pl\/index.php?rest_route=\/wp\/v2\/pages\/2\/revisions"}],"predecessor-version":[{"id":233,"href":"https:\/\/www.samopomocchlopska.pl\/index.php?rest_route=\/wp\/v2\/pages\/2\/revisions\/233"}],"wp:attachment":[{"href":"https:\/\/www.samopomocchlopska.pl\/index.php?rest_route=%2Fwp%2Fv2%2Fmedia&parent=2"}],"curies":[{"name":"wp","href":"https:\/\/api.w.org\/{rel}","templated":true}]}}