{"id":56,"date":"2013-09-19T22:19:54","date_gmt":"2013-09-19T20:19:54","guid":{"rendered":"http:\/\/samopomoc.srv9.3net.pl\/?page_id=56"},"modified":"2025-02-27T12:15:36","modified_gmt":"2025-02-27T11:15:36","slug":"kontakt","status":"publish","type":"page","link":"https:\/\/www.samopomocchlopska.pl\/?page_id=56","title":{"rendered":"Kontakt"},"content":{"rendered":"<p style=\"text-align: center;\">Zwi\u0105zek Rewizyjny Sp\u00f3\u0142dzielni \u201eSamopomoc Ch\u0142opska\u201d w Gda\u0144sku<\/p>\n<p style=\"text-align: center;\">Grunwaldzka 102<\/p>\n<p style=\"text-align: center;\">80-244 Gda\u0144sk<\/p>\n<p style=\"text-align: center;\">Tel. 58 341 26 69, 58 341 53 24, 665 663 341<\/p>\n<p style=\"text-align: center;\">\u00a0email <a href=\"mailto:zrssch@3net.pl\">zrssch@3net.pl<\/a><\/p>\n<p style=\"text-align: center;\">pracujemy od poniedzia\u0142ku do pi\u0105tku w godzinach 8:00 \u2013 14:00<\/p>\n<p style=\"text-align: center;\"><a href=\"http:\/\/www.samopomocchlopska.pl\/wp-content\/uploads\/IMG_5623_1.jpg\"><img decoding=\"async\" class=\"aligncenter size-medium wp-image-151\" src=\"http:\/\/www.samopomocchlopska.pl\/wp-content\/uploads\/IMG_5623_1-300x200.jpg\" alt=\"IMG_5623_1\" width=\"450\" srcset=\"https:\/\/www.samopomocchlopska.pl\/wp-content\/uploads\/IMG_5623_1-300x200.jpg 300w, https:\/\/www.samopomocchlopska.pl\/wp-content\/uploads\/IMG_5623_1-1024x682.jpg 1024w, https:\/\/www.samopomocchlopska.pl\/wp-content\/uploads\/IMG_5623_1-150x100.jpg 150w, https:\/\/www.samopomocchlopska.pl\/wp-content\/uploads\/IMG_5623_1.jpg 1944w\" sizes=\"(max-width: 300px) 100vw, 300px\" \/><\/a><\/p>\n","protected":false},"excerpt":{"rendered":"<p>Zwi\u0105zek Rewizyjny Sp\u00f3\u0142dzielni \u201eSamopomoc Ch\u0142opska\u201d w Gda\u0144sku Grunwaldzka 102 80-244 Gda\u0144sk Tel. 58 341 26 69, 58 341 53 24, 665 663 341 \u00a0email zrssch@3net.pl pracujemy od poniedzia\u0142ku do pi\u0105tku w godzinach 8:00 \u2013 14:00<\/p>\n","protected":false},"author":1,"featured_media":0,"parent":0,"menu_order":0,"comment_status":"closed","ping_status":"open","template":"","meta":[],"_links":{"self":[{"href":"https:\/\/www.samopomocchlopska.pl\/index.php?rest_route=\/wp\/v2\/pages\/56"}],"collection":[{"href":"https:\/\/www.samopomocchlopska.pl\/index.php?rest_route=\/wp\/v2\/pages"}],"about":[{"href":"https:\/\/www.samopomocchlopska.pl\/index.php?rest_route=\/wp\/v2\/types\/page"}],"author":[{"embeddable":true,"href":"https:\/\/www.samopomocchlopska.pl\/index.php?rest_route=\/wp\/v2\/users\/1"}],"replies":[{"embeddable":true,"href":"https:\/\/www.samopomocchlopska.pl\/index.php?rest_route=%2Fwp%2Fv2%2Fcomments&post=56"}],"version-history":[{"count":7,"href":"https:\/\/www.samopomocchlopska.pl\/index.php?rest_route=\/wp\/v2\/pages\/56\/revisions"}],"predecessor-version":[{"id":236,"href":"https:\/\/www.samopomocchlopska.pl\/index.php?rest_route=\/wp\/v2\/pages\/56\/revisions\/236"}],"wp:attachment":[{"href":"https:\/\/www.samopomocchlopska.pl\/index.php?rest_route=%2Fwp%2Fv2%2Fmedia&parent=56"}],"curies":[{"name":"wp","href":"https:\/\/api.w.org\/{rel}","templated":true}]}}